{"id":10456,"date":"2024-01-21T23:08:08","date_gmt":"2024-01-21T22:08:08","guid":{"rendered":"https:\/\/mitc.in-stack.com\/?page_id=10456"},"modified":"2024-01-21T23:10:45","modified_gmt":"2024-01-21T22:10:45","slug":"politique-de-confidentialite-2","status":"publish","type":"page","link":"https:\/\/mitc-mobility.ch\/index.php\/politique-de-confidentialite-2\/","title":{"rendered":"Politique de confidentialit\u00e9"},"content":{"rendered":"\t\t<div data-elementor-type=\"wp-page\" data-elementor-id=\"10456\" class=\"elementor elementor-10456\">\n\t\t\t\t<div class=\"elementor-element elementor-element-239725a e-flex e-con-boxed e-con e-parent\" data-id=\"239725a\" data-element_type=\"container\">\n\t\t\t\t\t<div class=\"e-con-inner\">\n\t\t\t\t<div class=\"elementor-element elementor-element-20f0381 elementor-widget elementor-widget-spacer\" data-id=\"20f0381\" data-element_type=\"widget\" data-widget_type=\"spacer.default\">\n\t\t\t\t<div class=\"elementor-widget-container\">\n\t\t\t\t\t\t\t<div class=\"elementor-spacer\">\n\t\t\t<div class=\"elementor-spacer-inner\"><\/div>\n\t\t<\/div>\n\t\t\t\t\t\t<\/div>\n\t\t\t\t<\/div>\n\t\t\t\t<div class=\"elementor-element elementor-element-122d45d elementor-widget elementor-widget-text-editor\" data-id=\"122d45d\" data-element_type=\"widget\" data-widget_type=\"text-editor.default\">\n\t\t\t\t<div class=\"elementor-widget-container\">\n\t\t\t\t\t\t\t\t\t<div class=\"elementor-element elementor-element-70e008e elementor-widget elementor-widget-heading\" data-id=\"70e008e\" data-element_type=\"widget\" data-widget_type=\"heading.default\"><div class=\"elementor-widget-container\"><h1 class=\"elementor-heading-title elementor-size-default\">Politique de confidentialit\u00e9<\/h1><\/div><\/div><div class=\"elementor-element elementor-element-bdcb0e1 elementor-widget elementor-widget-text-editor\" data-id=\"bdcb0e1\" data-element_type=\"widget\" data-widget_type=\"text-editor.default\"><div class=\"elementor-widget-container\"><p>Conform\u00e9ment \u00e0 Loi f\u00e9d\u00e9rale sur la protection des donn\u00e9es (LPD) ainsi qu\u2019au R\u00e8glement g\u00e9n\u00e9ral de l\u2019UE sur la protection des donn\u00e9es (RGPD), MITC Mobility SA s\u2019engage \u00e0 ce que toutes ses activit\u00e9s de collecte de donn\u00e9es soient prot\u00e9g\u00e9es afin d\u2019\u00e9viter toute utilisation abusive de vos donn\u00e9es personnelles.<\/p><\/div><\/div><div class=\"elementor-element elementor-element-5ad261b elementor-widget elementor-widget-heading\" data-id=\"5ad261b\" data-element_type=\"widget\" data-widget_type=\"heading.default\"><div class=\"elementor-widget-container\"><h2 class=\"elementor-heading-title elementor-size-default\">DISPOSITIONS G\u00c9N\u00c9RALES<\/h2><\/div><\/div><div class=\"elementor-element elementor-element-49425c0 elementor-widget elementor-widget-heading\" data-id=\"49425c0\" data-element_type=\"widget\" data-widget_type=\"heading.default\"><div class=\"elementor-widget-container\"><h3 class=\"elementor-heading-title elementor-size-default\">D\u00e9finition des donn\u00e9es<\/h3><\/div><\/div><div class=\"elementor-element elementor-element-fd09e00 elementor-widget elementor-widget-text-editor\" data-id=\"fd09e00\" data-element_type=\"widget\" data-widget_type=\"text-editor.default\"><div class=\"elementor-widget-container\"><p>Donn\u00e9es personnelles : toute information relative \u00e0 une personne physique identifi\u00e9e ou identifiable, y compris ses nom, date de naissance, adresse courriel, adresse postale ou num\u00e9ro de t\u00e9l\u00e9phone, qui peut \u00eatre utilis\u00e9e pour identifier une personne.<\/p><\/div><\/div><div class=\"elementor-element elementor-element-2023553 elementor-widget elementor-widget-heading\" data-id=\"2023553\" data-element_type=\"widget\" data-widget_type=\"heading.default\"><div class=\"elementor-widget-container\"><h3 class=\"elementor-heading-title elementor-size-default\">Utilisation de vos donn\u00e9es<\/h3><\/div><\/div><div class=\"elementor-element elementor-element-96b9e3a elementor-widget elementor-widget-text-editor\" data-id=\"96b9e3a\" data-element_type=\"widget\" data-widget_type=\"text-editor.default\"><div class=\"elementor-widget-container\"><p>Vos donn\u00e9es personnelles seront toujours utilis\u00e9es conform\u00e9ment aux finalit\u00e9s pour lesquelles elles ont \u00e9t\u00e9 recueillies initialement. Elles pourront \u00eatre trait\u00e9es, toujours dans un cadre l\u00e9gal, dans le contexte d\u2019activit\u00e9s telles que la prestation de services, la gestion de donn\u00e9es ou le support technique.<\/p><\/div><\/div><div class=\"elementor-element elementor-element-4675df9 elementor-widget elementor-widget-heading\" data-id=\"4675df9\" data-element_type=\"widget\" data-widget_type=\"heading.default\"><div class=\"elementor-widget-container\"><h3 class=\"elementor-heading-title elementor-size-default\">S\u00e9curit\u00e9 et confidentialit\u00e9<\/h3><\/div><\/div><div class=\"elementor-element elementor-element-885d676 elementor-widget elementor-widget-text-editor\" data-id=\"885d676\" data-element_type=\"widget\" data-widget_type=\"text-editor.default\"><div class=\"elementor-widget-container\"><p>Afin d\u2019assurer la s\u00e9curit\u00e9 et la confidentialit\u00e9 des donn\u00e9es personnelles que nous collectons en ligne, nous utilisons des r\u00e9seaux de donn\u00e9es prot\u00e9g\u00e9s, entre autres, par des pares-feux et des mots de passe conformes aux normes du domaine. Lors du traitement de vos donn\u00e9es personnelles, nous prenons des mesures appropri\u00e9es pour prot\u00e9ger ces informations contre les pertes, les abus, les acc\u00e8s non autoris\u00e9s, la divulgation, la modification et la suppression.<\/p><\/div><\/div><div class=\"elementor-element elementor-element-af2effc elementor-widget elementor-widget-heading\" data-id=\"af2effc\" data-element_type=\"widget\" data-widget_type=\"heading.default\"><div class=\"elementor-widget-container\"><h3 class=\"elementor-heading-title elementor-size-default\">Acc\u00e8s \u00e0 vos informations personnelles<\/h3><\/div><\/div><div class=\"elementor-element elementor-element-c6d3e7f elementor-widget elementor-widget-text-editor\" data-id=\"c6d3e7f\" data-element_type=\"widget\" data-widget_type=\"text-editor.default\"><div class=\"elementor-widget-container\"><p>En accord avec la LPD ainsi que sur le RGPD de l\u2019Union Europ\u00e9enne, vous disposez d\u2019un droit d\u2019acc\u00e8s aux informations vous concernant d\u00e9tenues par MITC Mobility. Vous avez \u00e9galement le droit de demander des corrections \u00e0 ces donn\u00e9es. Vous pouvez demander, en tout temps, une copie des informations que nous d\u00e9tenons \u00e0 votre propos \u00e0 l\u2019adresse admin@mitc-mobility.ch sur pr\u00e9sentation d\u2019une copie d\u2019un document officiel confirmant votre identit\u00e9.<\/p><\/div><\/div><div class=\"elementor-element elementor-element-f68a6bc elementor-widget elementor-widget-heading\" data-id=\"f68a6bc\" data-element_type=\"widget\" data-widget_type=\"heading.default\"><div class=\"elementor-widget-container\"><h3 class=\"elementor-heading-title elementor-size-default\">Non-divulgation des donn\u00e9es personnelles<\/h3><\/div><\/div><div class=\"elementor-element elementor-element-5184797 elementor-widget elementor-widget-text-editor\" data-id=\"5184797\" data-element_type=\"widget\" data-widget_type=\"text-editor.default\"><div class=\"elementor-widget-container\"><p>Vos donn\u00e9es personnelles ne sont ni vendues, ni partag\u00e9es, ni communiqu\u00e9es \u00e0 des tiers hormis ceux express\u00e9ment list\u00e9s ci-dessous.<br \/>Les tiers susceptibles d\u2019avoir acc\u00e8s \u00e0 vos donn\u00e9es pour des raisons techniques se sont engag\u00e9s avec nous par contrat \u00e0 n\u2019utiliser vos donn\u00e9es personnelles qu\u2019aux fins convenues, \u00e0 ne pas vendre les informations vous concernant \u00e0 des tiers et \u00e0 ne pas les divulguer \u00e0 d\u2019autres tiers sauf si la loi l\u2019exige.<br \/>Nous traiterons vos donn\u00e9es personnelles dans le strict respect de la proc\u00e9dure d\u00e9crite dans cette politique. Toutefois, nous nous r\u00e9servons le droit d\u2019agir autrement si la loi nous y oblige.<\/p><\/div><\/div><div class=\"elementor-element elementor-element-8d4ffaf elementor-widget elementor-widget-heading\" data-id=\"8d4ffaf\" data-element_type=\"widget\" data-widget_type=\"heading.default\"><div class=\"elementor-widget-container\"><h3 class=\"elementor-heading-title elementor-size-default\">Modification de cette politique de confidentialit\u00e9<\/h3><\/div><\/div><div class=\"elementor-element elementor-element-f17f02d elementor-widget elementor-widget-text-editor\" data-id=\"f17f02d\" data-element_type=\"widget\" data-widget_type=\"text-editor.default\"><div class=\"elementor-widget-container\"><p>Les modifications de la politique de confidentialit\u00e9 seront publi\u00e9es sur le site internet, ainsi que des informations concernant toute modification importante. MITC Mobility SA se r\u00e9serve le droit de mettre \u00e0 jour ou de modifier cette politique de confidentialit\u00e9 et toute clause sp\u00e9cifique y relative \u00e0 tout moment et sans pr\u00e9avis. Les modifications s\u2019appliqueront aux donn\u00e9es personnelles que nous collecterons apr\u00e8s avoir publi\u00e9 la nouvelle politique de confidentialit\u00e9.<\/p><\/div><\/div>\t\t\t\t\t\t\t\t<\/div>\n\t\t\t\t<\/div>\n\t\t\t\t<div class=\"elementor-element elementor-element-3362061 elementor-widget elementor-widget-spacer\" data-id=\"3362061\" data-element_type=\"widget\" data-widget_type=\"spacer.default\">\n\t\t\t\t<div class=\"elementor-widget-container\">\n\t\t\t\t\t\t\t<div class=\"elementor-spacer\">\n\t\t\t<div class=\"elementor-spacer-inner\"><\/div>\n\t\t<\/div>\n\t\t\t\t\t\t<\/div>\n\t\t\t\t<\/div>\n\t\t\t\t\t<\/div>\n\t\t\t\t<\/div>\n\t\t\t\t<\/div>\n\t\t","protected":false},"excerpt":{"rendered":"<p>Politique de confidentialit\u00e9 Conform\u00e9ment \u00e0 Loi f\u00e9d\u00e9rale sur la protection des donn\u00e9es (LPD) ainsi qu\u2019au R\u00e8glement g\u00e9n\u00e9ral de l\u2019UE sur la protection [&hellip;]<\/p>\n","protected":false},"author":1,"featured_media":0,"parent":0,"menu_order":0,"comment_status":"closed","ping_status":"closed","template":"","meta":{"footnotes":""},"class_list":["post-10456","page","type-page","status-publish","hentry"],"_links":{"self":[{"href":"https:\/\/mitc-mobility.ch\/index.php\/wp-json\/wp\/v2\/pages\/10456","targetHints":{"allow":["GET"]}}],"collection":[{"href":"https:\/\/mitc-mobility.ch\/index.php\/wp-json\/wp\/v2\/pages"}],"about":[{"href":"https:\/\/mitc-mobility.ch\/index.php\/wp-json\/wp\/v2\/types\/page"}],"author":[{"embeddable":true,"href":"https:\/\/mitc-mobility.ch\/index.php\/wp-json\/wp\/v2\/users\/1"}],"replies":[{"embeddable":true,"href":"https:\/\/mitc-mobility.ch\/index.php\/wp-json\/wp\/v2\/comments?post=10456"}],"version-history":[{"count":8,"href":"https:\/\/mitc-mobility.ch\/index.php\/wp-json\/wp\/v2\/pages\/10456\/revisions"}],"predecessor-version":[{"id":10464,"href":"https:\/\/mitc-mobility.ch\/index.php\/wp-json\/wp\/v2\/pages\/10456\/revisions\/10464"}],"wp:attachment":[{"href":"https:\/\/mitc-mobility.ch\/index.php\/wp-json\/wp\/v2\/media?parent=10456"}],"curies":[{"name":"wp","href":"https:\/\/api.w.org\/{rel}","templated":true}]}}