{"id":10443,"date":"2024-01-21T23:02:05","date_gmt":"2024-01-21T22:02:05","guid":{"rendered":"https:\/\/mitc.in-stack.com\/?page_id=10443"},"modified":"2024-01-21T23:07:39","modified_gmt":"2024-01-21T22:07:39","slug":"politique-des-cookies","status":"publish","type":"page","link":"https:\/\/mitc-mobility.ch\/index.php\/politique-des-cookies\/","title":{"rendered":"Politique des cookies"},"content":{"rendered":"\t\t<div data-elementor-type=\"wp-page\" data-elementor-id=\"10443\" class=\"elementor elementor-10443\">\n\t\t\t\t<div class=\"elementor-element elementor-element-3a5dc22 e-flex e-con-boxed e-con e-parent\" data-id=\"3a5dc22\" data-element_type=\"container\">\n\t\t\t\t\t<div class=\"e-con-inner\">\n\t\t\t\t<div class=\"elementor-element elementor-element-511c69e elementor-widget elementor-widget-spacer\" data-id=\"511c69e\" data-element_type=\"widget\" data-widget_type=\"spacer.default\">\n\t\t\t\t<div class=\"elementor-widget-container\">\n\t\t\t\t\t\t\t<div class=\"elementor-spacer\">\n\t\t\t<div class=\"elementor-spacer-inner\"><\/div>\n\t\t<\/div>\n\t\t\t\t\t\t<\/div>\n\t\t\t\t<\/div>\n\t\t\t\t<div class=\"elementor-element elementor-element-a395993 elementor-widget elementor-widget-text-editor\" data-id=\"a395993\" data-element_type=\"widget\" data-widget_type=\"text-editor.default\">\n\t\t\t\t<div class=\"elementor-widget-container\">\n\t\t\t\t\t\t\t\t\t<div class=\"elementor-element elementor-element-cbbda04 elementor-widget elementor-widget-heading\" data-id=\"cbbda04\" data-element_type=\"widget\" data-widget_type=\"heading.default\"><div class=\"elementor-widget-container\"><h1 class=\"elementor-heading-title elementor-size-default\">Politique des cookies<\/h1><\/div><\/div><div class=\"elementor-element elementor-element-e0c7696 elementor-widget elementor-widget-text-editor\" data-id=\"e0c7696\" data-element_type=\"widget\" data-widget_type=\"text-editor.default\"><div class=\"elementor-widget-container\"><p>Version mise \u00e0 jour le 20.01.2020<\/p><\/div><\/div><div class=\"elementor-element elementor-element-0234cbd elementor-widget elementor-widget-heading\" data-id=\"0234cbd\" data-element_type=\"widget\" data-widget_type=\"heading.default\"><div class=\"elementor-widget-container\"><h2 class=\"elementor-heading-title elementor-size-default\">Qu\u2019est-ce qu\u2019un cookie ?<\/h2><\/div><\/div><div class=\"elementor-element elementor-element-ba84bd6 elementor-widget elementor-widget-text-editor\" data-id=\"ba84bd6\" data-element_type=\"widget\" data-widget_type=\"text-editor.default\"><div class=\"elementor-widget-container\"><p>Comme c\u2019est la pratique courante sur presque tous les sites professionnels, ce site utilise des cookies, qui sont de minuscules fichiers t\u00e9l\u00e9charg\u00e9s sur votre ordinateur, pour am\u00e9liorer votre exp\u00e9rience. Cette page d\u00e9crit les informations qu\u2019ils collectent, comment nous les utilisons et pourquoi nous avons parfois besoin de stocker ces cookies. Nous allons \u00e9galement vous expliquer comment vous pouvez emp\u00eacher ces cookies d\u2019\u00eatre stock\u00e9s, mais cela peut d\u00e9grader ou \u2018casser\u2019 certains \u00e9l\u00e9ments de la fonctionnalit\u00e9 du site.<br \/>Pour plus d\u2019informations g\u00e9n\u00e9rales sur les cookies, voir l\u2019article Wikip\u00e9dia sur les cookies HTTP.<\/p><\/div><\/div><div class=\"elementor-element elementor-element-f1a7e89 elementor-widget elementor-widget-heading\" data-id=\"f1a7e89\" data-element_type=\"widget\" data-widget_type=\"heading.default\"><div class=\"elementor-widget-container\"><h2 class=\"elementor-heading-title elementor-size-default\">Comment nous utilisons les cookies<\/h2><\/div><\/div><div class=\"elementor-element elementor-element-e2dadf5 elementor-widget elementor-widget-text-editor\" data-id=\"e2dadf5\" data-element_type=\"widget\" data-widget_type=\"text-editor.default\"><div class=\"elementor-widget-container\"><p>Nous utilisons des cookies pour diverses raisons d\u00e9taill\u00e9es ci-dessous. Malheureusement, dans la plupart des cas, il n\u2019existe pas d\u2019options standard pour d\u00e9sactiver les cookies sans d\u00e9sactiver compl\u00e8tement les fonctionnalit\u00e9s du site. Il est recommand\u00e9 de laisser les cookies si vous n\u2019\u00eates pas s\u00fbr d\u2019en avoir besoin, au cas o\u00f9 ils seraient utilis\u00e9s pour fournir un service qui vous est n\u00e9cessaire.<\/p><\/div><\/div><div class=\"elementor-element elementor-element-cbf3191 elementor-widget elementor-widget-heading\" data-id=\"cbf3191\" data-element_type=\"widget\" data-widget_type=\"heading.default\"><div class=\"elementor-widget-container\"><h2 class=\"elementor-heading-title elementor-size-default\">D\u00e9sactiver les cookies<\/h2><\/div><\/div><div class=\"elementor-element elementor-element-810dc39 elementor-widget elementor-widget-text-editor\" data-id=\"810dc39\" data-element_type=\"widget\" data-widget_type=\"text-editor.default\"><div class=\"elementor-widget-container\"><p>Vous pouvez emp\u00eacher le r\u00e9glage des cookies en ajustant les param\u00e8tres de votre navigateur (voir l\u2019aide de votre navigateur pour savoir comment faire). Sachez que la d\u00e9sactivation des cookies affectera la fonctionnalit\u00e9 de ce site et de nombreux autres sites que vous visitez. La d\u00e9sactivation des cookies entra\u00eene g\u00e9n\u00e9ralement la d\u00e9sactivation de certaines fonctionnalit\u00e9s. Par cons\u00e9quent, il est recommand\u00e9 de ne pas d\u00e9sactiver les cookies via votre navigateur.<br \/>Les cookies que nous utilisons<\/p><\/div><\/div><div class=\"elementor-element elementor-element-0328b74 elementor-widget elementor-widget-heading\" data-id=\"0328b74\" data-element_type=\"widget\" data-widget_type=\"heading.default\"><div class=\"elementor-widget-container\"><h2 class=\"elementor-heading-title elementor-size-default\">Les cookies que nous utilisons<\/h2><\/div><\/div><div class=\"elementor-element elementor-element-c32cf5c elementor-widget elementor-widget-heading\" data-id=\"c32cf5c\" data-element_type=\"widget\" data-widget_type=\"heading.default\"><div class=\"elementor-widget-container\"><h3 class=\"elementor-heading-title elementor-size-default\">Cookies li\u00e9s au compte<\/h3><\/div><\/div><div class=\"elementor-element elementor-element-204fab5 elementor-widget elementor-widget-text-editor\" data-id=\"204fab5\" data-element_type=\"widget\" data-widget_type=\"text-editor.default\"><div class=\"elementor-widget-container\"><p>Si vous cr\u00e9ez un compte chez nous, nous utiliserons des cookies pour la gestion du processus d\u2019inscription et de l\u2019administration g\u00e9n\u00e9rale. Ces cookies seront g\u00e9n\u00e9ralement supprim\u00e9s lorsque vous vous d\u00e9connectez, mais dans certains cas, ils peuvent rester apr\u00e8s pour se souvenir des pr\u00e9f\u00e9rences de votre site lors de la d\u00e9connexion.<\/p><\/div><\/div><div class=\"elementor-element elementor-element-ba50881 elementor-widget elementor-widget-heading\" data-id=\"ba50881\" data-element_type=\"widget\" data-widget_type=\"heading.default\"><div class=\"elementor-widget-container\"><h3 class=\"elementor-heading-title elementor-size-default\">Utilisation des Cookies pour l\u2019interface<\/h3><\/div><\/div><div class=\"elementor-element elementor-element-8f5f6a5 elementor-widget elementor-widget-text-editor\" data-id=\"8f5f6a5\" data-element_type=\"widget\" data-widget_type=\"text-editor.default\"><div class=\"elementor-widget-container\"><p>Nous utilisons des cookies lorsque vous \u00eates connect\u00e9 afin que nous puissions nous souvenir de cet \u00e9tat. Cela vous \u00e9vite d\u2019avoir \u00e0 vous connecter chaque fois que vous visitez une nouvelle page. Ces cookies sont g\u00e9n\u00e9ralement supprim\u00e9s ou effac\u00e9s lorsque vous vous d\u00e9connectez. Nous nous assurons ainsi que votre interface ne puisse acc\u00e9der qu\u2019aux fonctionnalit\u00e9s et zones restreintes uniquement si vous \u00eates connect\u00e9.<\/p><\/div><\/div><div class=\"elementor-element elementor-element-8c80991 elementor-widget elementor-widget-heading\" data-id=\"8c80991\" data-element_type=\"widget\" data-widget_type=\"heading.default\"><div class=\"elementor-widget-container\"><h3 class=\"elementor-heading-title elementor-size-default\">Cookies li\u00e9s aux mails et newsletters<\/h3><\/div><\/div><div class=\"elementor-element elementor-element-39a0d09 elementor-widget elementor-widget-text-editor\" data-id=\"39a0d09\" data-element_type=\"widget\" data-widget_type=\"text-editor.default\"><div class=\"elementor-widget-container\"><p>Ce site utilise les mails dans le processus d\u2019inscription, d\u00e9sinscription et de ses services de newsletter. Ils peuvent \u00e9galement servir \u00e0 v\u00e9rifier le statut de votre compte, afficher certaines notifications qui pourraient \u00eatre valid\u00e9s pour les utilisateurs abonn\u00e9s ou d\u00e9sabonn\u00e9s.<\/p><\/div><\/div><div class=\"elementor-element elementor-element-cc59d78 elementor-widget elementor-widget-heading\" data-id=\"cc59d78\" data-element_type=\"widget\" data-widget_type=\"heading.default\"><div class=\"elementor-widget-container\"><h3 class=\"elementor-heading-title elementor-size-default\">Cookies dans l\u2019utilisation des formulaires<\/h3><\/div><\/div><div class=\"elementor-element elementor-element-d43d075 elementor-widget elementor-widget-text-editor\" data-id=\"d43d075\" data-element_type=\"widget\" data-widget_type=\"text-editor.default\"><div class=\"elementor-widget-container\"><p>Lorsque vous soumettez des donn\u00e9es via un formulaire tel que ceux trouv\u00e9s sur les pages de contact ou les formulaires de commentaires, des cookies peuvent \u00eatre configur\u00e9s pour m\u00e9moriser vos informations d\u2019utilisateur pour vos futures navigations.<\/p><\/div><\/div><div class=\"elementor-element elementor-element-296c98f elementor-widget elementor-widget-heading\" data-id=\"296c98f\" data-element_type=\"widget\" data-widget_type=\"heading.default\"><div class=\"elementor-widget-container\"><h3 class=\"elementor-heading-title elementor-size-default\">Cookies utilis\u00e9s par les tiers parties<\/h3><\/div><\/div><div class=\"elementor-element elementor-element-69d1eb6 elementor-widget elementor-widget-text-editor\" data-id=\"69d1eb6\" data-element_type=\"widget\" data-widget_type=\"text-editor.default\"><div class=\"elementor-widget-container\"><p>Dans certains cas particuliers, nous utilisons \u00e9galement des cookies fournis par des tiers de confiance.<br \/>La section suivante d\u00e9taille les cookies tiers que vous pourriez rencontrer via ce site.<\/p><p>Ce site utilise Google Analytics, qui est l\u2019une des solutions d\u2019analyse les plus r\u00e9pandues et les plus fiables sur le Web pour nous aider \u00e0 comprendre votre utilisation du site et les fa\u00e7ons dont nous pouvons am\u00e9liorer votre exp\u00e9rience. Ces cookies peuvent suivre des \u00e9l\u00e9ments tels que le temps pass\u00e9 sur le site et les pages que vous visitez afin que nous puissions continuer \u00e0 produire du contenu attrayant.<br \/>Pour plus d\u2019informations sur les cookies de Google Analytics, consultez le site officiel de\u00a0<a href=\"https:\/\/www.google.com\/analytics\/\" target=\"_blank\" rel=\"noopener\">Google Analytics<\/a>.<\/p><p>De temps en temps, nous testons de nouvelles fonctionnalit\u00e9s et apportons des modifications subtiles \u00e0 la fa\u00e7on dont le site est livr\u00e9. Lorsque nous testons de nouvelles fonctionnalit\u00e9s, ces cookies peuvent \u00eatre utilis\u00e9s pour vous assurer une exp\u00e9rience coh\u00e9rente sur le site tout en nous assurant que nous comprenons quelles optimisations nos utilisateurs appr\u00e9cient le plus.<\/p><p>Nous utilisons \u00e9galement des boutons de m\u00e9dias sociaux et \/ ou des plugins sur ce site qui vous permettent de vous connecter \u00e0 votre r\u00e9seau social de diff\u00e9rentes mani\u00e8res. Pour que ceux-ci fonctionnent les sites de m\u00e9dias sociaux, fournissent des cookies sur notre site qui peuvent \u00eatre utilis\u00e9s pour am\u00e9liorer votre profil sur leur site ou pour contribuer aux donn\u00e9es qu\u2019ils d\u00e9tiennent.<\/p><\/div><\/div><div class=\"elementor-element elementor-element-10c9944 elementor-widget elementor-widget-heading\" data-id=\"10c9944\" data-element_type=\"widget\" data-widget_type=\"heading.default\"><div class=\"elementor-widget-container\"><h2 class=\"elementor-heading-title elementor-size-default\">Plus d\u2019informations<\/h2><\/div><\/div><div class=\"elementor-element elementor-element-053945b elementor-widget elementor-widget-text-editor\" data-id=\"053945b\" data-element_type=\"widget\" data-widget_type=\"text-editor.default\"><div class=\"elementor-widget-container\"><p>Nous esp\u00e9rons que notre politique cookie a pu clarifier les choses pour vous et comme mentionn\u00e9 pr\u00e9c\u00e9demment. S\u2019il y a le moindre doute sur l\u2019utilit\u00e9 d\u2019un cookie, il est g\u00e9n\u00e9ralement plus s\u00fbr de le laisser activ\u00e9 au cas o\u00f9 il interagirait avec l\u2019une des fonctionnalit\u00e9s que vous utilisez sur notre site.<\/p><p>Cependant, si vous \u00eates toujours \u00e0 la recherche de plus d\u2019informations, vous pouvez nous contacter via l\u2019une de nos m\u00e9thodes de contact pr\u00e9f\u00e9r\u00e9es ou par e-mail \u00e0 admin@mitc-mobility.ch<\/p><\/div><\/div>\t\t\t\t\t\t\t\t<\/div>\n\t\t\t\t<\/div>\n\t\t\t\t<div class=\"elementor-element elementor-element-cdc0dd4 elementor-widget elementor-widget-spacer\" data-id=\"cdc0dd4\" data-element_type=\"widget\" data-widget_type=\"spacer.default\">\n\t\t\t\t<div class=\"elementor-widget-container\">\n\t\t\t\t\t\t\t<div class=\"elementor-spacer\">\n\t\t\t<div class=\"elementor-spacer-inner\"><\/div>\n\t\t<\/div>\n\t\t\t\t\t\t<\/div>\n\t\t\t\t<\/div>\n\t\t\t\t\t<\/div>\n\t\t\t\t<\/div>\n\t\t\t\t<\/div>\n\t\t","protected":false},"excerpt":{"rendered":"<p>Politique des cookies Version mise \u00e0 jour le 20.01.2020 Qu\u2019est-ce qu\u2019un cookie ? Comme c\u2019est la pratique courante sur presque tous les [&hellip;]<\/p>\n","protected":false},"author":1,"featured_media":0,"parent":0,"menu_order":0,"comment_status":"closed","ping_status":"closed","template":"","meta":{"footnotes":""},"class_list":["post-10443","page","type-page","status-publish","hentry"],"_links":{"self":[{"href":"https:\/\/mitc-mobility.ch\/index.php\/wp-json\/wp\/v2\/pages\/10443","targetHints":{"allow":["GET"]}}],"collection":[{"href":"https:\/\/mitc-mobility.ch\/index.php\/wp-json\/wp\/v2\/pages"}],"about":[{"href":"https:\/\/mitc-mobility.ch\/index.php\/wp-json\/wp\/v2\/types\/page"}],"author":[{"embeddable":true,"href":"https:\/\/mitc-mobility.ch\/index.php\/wp-json\/wp\/v2\/users\/1"}],"replies":[{"embeddable":true,"href":"https:\/\/mitc-mobility.ch\/index.php\/wp-json\/wp\/v2\/comments?post=10443"}],"version-history":[{"count":11,"href":"https:\/\/mitc-mobility.ch\/index.php\/wp-json\/wp\/v2\/pages\/10443\/revisions"}],"predecessor-version":[{"id":10455,"href":"https:\/\/mitc-mobility.ch\/index.php\/wp-json\/wp\/v2\/pages\/10443\/revisions\/10455"}],"wp:attachment":[{"href":"https:\/\/mitc-mobility.ch\/index.php\/wp-json\/wp\/v2\/media?parent=10443"}],"curies":[{"name":"wp","href":"https:\/\/api.w.org\/{rel}","templated":true}]}}